{"id":99,"date":"2015-04-27T22:38:00","date_gmt":"2015-04-28T04:38:00","guid":{"rendered":"http:\/\/lucerorealestate.com\/?page_id=99"},"modified":"2015-12-07T09:57:14","modified_gmt":"2015-12-07T16:57:14","slug":"our-approach","status":"publish","type":"page","link":"https:\/\/lucerorealestate.com\/es\/about-us\/our-approach\/","title":{"rendered":"Nuestro enfoque"},"content":{"rendered":"<p>En Lucero Real Estate Inc., utilizamos nuestra experiencia, conocimientos y nuestras ra\u00edces en la comunidad de Denver metropolitana para servir mejor a nuestros clientes. Con un enfoque integral para el \u00e9xito personal y financiero, Lucero Real Estate tiene la capacidad para identificar las necesidades y objetivos de nuestros clientes, determinar el mejor camino para lograr ese objetivo, y poner en pr\u00e1ctica todos nuestros servicios para ayudar a lograr el panorama financiero deseado.<\/p>\n<p>Como miembro del Grupo Financiero Lucero, nuestra empresa est\u00e1 orgullosa de ofrecer a nuestros clientes acceso a asesoramiento bien informado sobre bienes ra\u00edces, hipotecas, impuestos sobre la renta y la contabilidad de la peque\u00f1a empresa, incluyendo asesor\u00eda de pensiones.<\/p>\n<p>Lucero Real Estate es una empresa que est\u00e1 en verdad entretejida en la comunidad de Denver. Estamos ubicados a pocas cuadras al norte del centro de la ciudad, con un r\u00e1pido acceso a las principales autopistas de la zona metropolitana circundante.<\/p>\n<p>El equipo de corredores (brokers) de Lucero Real Estate, tiene amplia experiencia en guiar a sus clientes para comprar en cualquiera de las \u00e1reas de la zona metropolitana de Denver; y todos los miembros del Equipo Inmobiliario Lucero est\u00e1n muy comprometidos con la sostenibilidad de esta pr\u00f3spera comunidad a trav\u00e9s de su participaci\u00f3n en muchas asociaciones y membres\u00edas de la comunidad. Esta dedicaci\u00f3n a objetivos genuinos, la innovaci\u00f3n y el \u00e1rduo trabajo han llevado a la agencia a ganar numerosos premios. En referencia al reciente premio que recibi\u00f3 su compa\u00f1\u00eda como Peque\u00f1a Empresa Hispana del A\u00f1o 2015, el fundador Eugene Lucero dijo: &#8220;Creo que nuestro \u00e9xito empresarial es la capacidad de combinar nuestro compromiso de excelencia, profesionalismo, integridad y s\u00f3lidos principios empresariales con un fuerte compromiso con la comunidad. Nuestro equipo de profesionales est\u00e1 dedicado al avance econ\u00f3mico de todos nuestros clientes con el fin de acumular y proteger la riqueza intergeneracional&#8221;.<\/p>\n","protected":false},"excerpt":{"rendered":"<p>En Lucero Real Estate Inc., utilizamos nuestra experiencia, conocimientos y nuestras ra\u00edces en la comunidad de Denver metropolitana para servir mejor a nuestros clientes. Con un enfoque integral para el &#8230; <a href=\"https:\/\/lucerorealestate.com\/es\/about-us\/our-approach\/\" class=\"more-link\">Read More<\/a><\/p>\n","protected":false},"author":4,"featured_media":0,"parent":15,"menu_order":0,"comment_status":"closed","ping_status":"closed","template":"","meta":{"footnotes":""},"class_list":["post-99","page","type-page","status-publish","hentry","no-post-thumbnail"],"translation":{"provider":"WPGlobus","version":"3.0.2","language":"es","enabled_languages":["en","es"],"languages":{"en":{"title":true,"content":true,"excerpt":false},"es":{"title":true,"content":true,"excerpt":false}}},"_links":{"self":[{"href":"https:\/\/lucerorealestate.com\/es\/wp-json\/wp\/v2\/pages\/99","targetHints":{"allow":["GET"]}}],"collection":[{"href":"https:\/\/lucerorealestate.com\/es\/wp-json\/wp\/v2\/pages"}],"about":[{"href":"https:\/\/lucerorealestate.com\/es\/wp-json\/wp\/v2\/types\/page"}],"author":[{"embeddable":true,"href":"https:\/\/lucerorealestate.com\/es\/wp-json\/wp\/v2\/users\/4"}],"replies":[{"embeddable":true,"href":"https:\/\/lucerorealestate.com\/es\/wp-json\/wp\/v2\/comments?post=99"}],"version-history":[{"count":5,"href":"https:\/\/lucerorealestate.com\/es\/wp-json\/wp\/v2\/pages\/99\/revisions"}],"predecessor-version":[{"id":2160,"href":"https:\/\/lucerorealestate.com\/es\/wp-json\/wp\/v2\/pages\/99\/revisions\/2160"}],"up":[{"embeddable":true,"href":"https:\/\/lucerorealestate.com\/es\/wp-json\/wp\/v2\/pages\/15"}],"wp:attachment":[{"href":"https:\/\/lucerorealestate.com\/es\/wp-json\/wp\/v2\/media?parent=99"}],"curies":[{"name":"wp","href":"https:\/\/api.w.org\/{rel}","templated":true}]}}