{"id":95,"date":"2015-04-27T22:37:13","date_gmt":"2015-04-28T04:37:13","guid":{"rendered":"http:\/\/lucerorealestate.com\/?page_id=95"},"modified":"2022-11-11T16:35:15","modified_gmt":"2022-11-11T23:35:15","slug":"relocation","status":"publish","type":"page","link":"https:\/\/lucerorealestate.com\/es\/resources\/relocation\/","title":{"rendered":"Reubicaci\u00f3n"},"content":{"rendered":"<h2>Consejos para la reubicaci\u00f3n y asesoramiento para mudanzas<\/h2>\n<p>\u00bfSe va a mover a Denver? \u00a1Bienvenido! \u00a1Le va a encantar! Antes de instalarse en su nueva casa, he aqu\u00ed algunos consejos para reubicarse, de parte de sus amigos en Lucero Real Estate, los expertos de mayor conocimiento sobre bienes ra\u00edces en Denver.<\/p>\n<h3>C\u00f3mo moverse por su cuenta<\/h3>\n<p>Si usted est\u00e1 planeando moverse por su cuenta, le ayudar\u00e1 mucho simplicar y organizar el proceso. Planee hacer la preparaci\u00f3n para la mudanza a lo largo de varias semanas para evitar el estr\u00e9s de una mudanza de \u00faltima hora, que es cuando se le pueden pasar u olvidar algunas cosas. Aqu\u00ed algunos consejos:<\/p>\n<ol>\n<li><strong>Reducir y simplificar.<\/strong>\u00a0Una mudanza es una gran excusa para eliminar el exceso de cosas. Una buena regla general es que si usted no ha visto o utilizado algo en un par de a\u00f1os, es probable que pueda deshacerse de eso y nunca lo echar\u00e1 de menos. Considere la posibilidad de un remate de garaje para deshacerse de algunas cosas viejas y hacer un poco de dinero que puede destinar a la mudanza. Tambi\u00e9n puede donar art\u00edculos sobrantes a organizaciones caritativas en tiendas de segunda mano, o puede vender art\u00edculos en Craigslist o eBay, o incluso publicar notificaciones en l\u00ednea para que recojan art\u00edculos gratis.<\/li>\n<li><strong>Organizar y etiquetar.<\/strong> Organice su mudanza por secciones. A muchas personas les es \u00fatil empacar varias habitaciones juntas para mantener sus pertenencias en una organizaci\u00f3n familiar. Aseg\u00farese de etiquetar claramente sus cajas para que despu\u00e9s pueda encontrar sus cosas f\u00e1cilmente.<\/li>\n<li><strong>Planificar para la llegada.<\/strong>\u00a0Le podr\u00eda tomar semanas para desempaquetar por completo despu\u00e9s de su mudanza; as\u00ed que ponga los art\u00edculos que usted necesita inmediatamente en un lugar accesible y etiqu\u00e9telos bien para que sean f\u00e1ciles de encontrar. Algunas personas empacan un &#8220;kit o juego de supervivencia&#8221;, con todos los art\u00edculos esenciales que necesitar\u00e1n inmediatamente despu\u00e9s de la llegada a su nuevo hogar. Eso puede ahorrarle muchos dolores de cabeza. Recuerde que, \u00a1no hay nada m\u00e1s molesto que buscar en 50 cajas s\u00f3lo para encontrar su cepillo de dientes!<\/li>\n<li><strong>Mantener los art\u00edculos fr\u00e1giles y objetos de valor con usted.<\/strong> Ya sea que usted est\u00e9 alquilando un cami\u00f3n o est\u00e9 contratando a personas que hagan mudanzas, ser\u00e1 mejor mantener sus objetos m\u00e1s fr\u00e1giles y valiosos con usted en su propio veh\u00edculo. De esa manera usted puede asegurarse de que reciben el tratamiento especial que requieren.<\/li>\n<li><strong>Reservar el alquiler de un veh\u00edculo de mudanza con anticipaci\u00f3n.<\/strong> No espere hasta el \u00faltimo minuto, especialmente si usted est\u00e1 movi\u00e9ndose al final del mes, cuando los alquileres de camiones est\u00e1n en gran demanda.<\/li>\n<li><strong>Reservar un cami\u00f3n suficientemente grande.<\/strong> Aseg\u00farese de alquilar un veh\u00edculo que es lo suficientemente grande para todas tus cosas. Especialmente si usted se est\u00e1 moviendo al otro lado del pa\u00eds, \u00a1usted no querr\u00e1 hacer m\u00faltiples viajes!<\/li>\n<li><strong>Considerar materiales de embalaje y extras.<\/strong> \u00bfLa empresa de alquiler de camiones de mudanza proporciona almohadillas, cajas para embalar y plataformas rodantes (dollies)? Si no es as\u00ed, aseg\u00farese de hacer los arreglos necesarios para tener esos art\u00edculos y poder transportar sus art\u00edculos con seguridad.<\/li>\n<li><strong>Asegurar lo que no puede permitirse el lujo de perder.<\/strong>\u00a0Averig\u00fce si sus objetos personales estar\u00e1n cubiertos por un seguro durante el traslado, o si usted necesita un seguro adicional. Una breve llamada a su agente de seguros debe resolver este asunto.<\/li>\n<\/ol>\n<h3>El uso de una empresa de mudanzas<\/h3>\n<p>Las compa\u00f1\u00edas de mudanzas var\u00edan ampliamente en los servicios que ofrecen y en la calidad de esos servicios. Muchas de las compa\u00f1\u00edas de mudanzas de servicio completo empacan sus pertenencias, las desempacan en su nueva casa, \u00a1e incluso limpian y configurar su nuevo hogar! Todo depende de su presupuesto y cu\u00e1nto quiere hacer usted mismo. \u00a0Aqu\u00ed hay algunos puntos importantes que considerar al comparar las compa\u00f1\u00edas de mudanzas:<\/p>\n<ol>\n<li>\u00bfVan a hacer el embalaje por usted? Si es as\u00ed, \u00bfproporcionan seguro en caso de que algo se rompa durante el embalaje?<\/li>\n<li>\u00bfCobran una tarifa fija o una tarifa por hora? \u00bfQu\u00e9 incluye esa tarifa? \u00bfCambia los fines de semana o durante fechas de alta demanda?<\/li>\n<li>\u00bfEst\u00e1 usted protegido de responsabilidad durante la mudanza?<\/li>\n<li>\u00bfGarantizan un d\u00eda y hora de llegada, o le da un lapso de tiempo que podr\u00eda abarcar varios d\u00edas?<\/li>\n<li>\u00bfTiene alguna forma de rastrear el cami\u00f3n para vigilar sus pertenencias durante el transporte?<\/li>\n<li>\u00bfQu\u00e9 tipo de medidas utilizan para proteger sus art\u00edculos de da\u00f1os?<\/li>\n<\/ol>\n<p><strong>Consejos adicionales para contratar una empresa de mudanzas:<\/strong><\/p>\n<p><strong>Hacer una investigaci\u00f3n.<\/strong> Sitios web como Moving.com pueden ayudarle a identificar empresas locales con buena reputaci\u00f3n. Tambi\u00e9n tenemos algunas sugerencias de compa\u00f1\u00edas en nuestro directorio de servicios recomendado. Tambi\u00e9n consulte con la oficina de Better Business Bureau para ver si hay quejas y ver la calificaci\u00f3n general de la compa\u00f1\u00eda.<\/p>\n<p><strong>Reservar con mucha antelaci\u00f3n.<\/strong> Usted debe asegurar una empresa de mudanza cuatro a ocho semanas antes del d\u00eda de su mudanza.<\/p>\n<p><strong>Confiar en las recomendaciones personales.<\/strong> Hable con sus amigos y familiares acerca de las empresas que han utilizado para sus mudanzas. Tambi\u00e9n puede utilizar nuestro directorio de servicios para algunas compa\u00f1\u00edas de mudanzas confiables que recomendamos.<\/p>\n<p><strong>Obtener m\u00faltiples cotizaciones.<\/strong> Los precios pueden variar enormemente, por lo que es importante obtener varios estimados por el mismo tipo de servicio. De esa manera usted puede comparar bien los precios de los mismos servicios de todas las compa\u00f1\u00edas.<\/p>\n<p><strong>Pedir referencias de clientes.<\/strong>\u00a0Con referencias de clientes, usted puede tener una idea del historial del trabajo de la compa\u00f1\u00eda que est\u00e1 considerando.<\/p>\n<p><strong>Comprobar la cobertura del seguro y la protecci\u00f3n de reclamos.<\/strong> Pida ver una garant\u00eda de cobertura de seguro para asegurarse de que sus art\u00edculos ser\u00e1n cubiertos en caso de da\u00f1o o p\u00e9rdida.<\/p>\n<p><strong>Observar bien que no hayan cobros adicionales.<\/strong> Lea su contrato cuidadosamente y est\u00e9 pendiente de cargos adicionales y fuera de lo acordado. Muchas compa\u00f1\u00edas esconden estos cargos extras en las explicaciones que vienen en letra peque\u00f1a y que no los ven hasta que aparecen en su factura final.<\/p>\n<p><strong>Llamar a Lucero Real Estate.<\/strong> Hemos ayudado a cientos de clientes a moverse de otros estados al \u00e1rea de Denver. Cuando est\u00e9 listo para hacer su mudanza, ll\u00e1menos y le ayudaremos a agilizar su mudanza con recomendaciones, referencias y toda la informaci\u00f3n local que necesite. \u00a1P\u00f3ngase en contacto con nosotros hoy mismo para empezar por buen camino!<\/p>\n","protected":false},"excerpt":{"rendered":"<p>Consejos para la reubicaci\u00f3n y asesoramiento para mudanzas \u00bfSe va a mover a Denver? \u00a1Bienvenido! \u00a1Le va a encantar! Antes de instalarse en su nueva casa, he aqu\u00ed algunos consejos &#8230; <a href=\"https:\/\/lucerorealestate.com\/es\/resources\/relocation\/\" class=\"more-link\">Read More<\/a><\/p>\n","protected":false},"author":4,"featured_media":0,"parent":13,"menu_order":0,"comment_status":"closed","ping_status":"closed","template":"","meta":{"footnotes":""},"class_list":["post-95","page","type-page","status-publish","hentry","no-post-thumbnail"],"translation":{"provider":"WPGlobus","version":"3.0.2","language":"es","enabled_languages":["en","es"],"languages":{"en":{"title":true,"content":true,"excerpt":false},"es":{"title":true,"content":true,"excerpt":false}}},"_links":{"self":[{"href":"https:\/\/lucerorealestate.com\/es\/wp-json\/wp\/v2\/pages\/95","targetHints":{"allow":["GET"]}}],"collection":[{"href":"https:\/\/lucerorealestate.com\/es\/wp-json\/wp\/v2\/pages"}],"about":[{"href":"https:\/\/lucerorealestate.com\/es\/wp-json\/wp\/v2\/types\/page"}],"author":[{"embeddable":true,"href":"https:\/\/lucerorealestate.com\/es\/wp-json\/wp\/v2\/users\/4"}],"replies":[{"embeddable":true,"href":"https:\/\/lucerorealestate.com\/es\/wp-json\/wp\/v2\/comments?post=95"}],"version-history":[{"count":6,"href":"https:\/\/lucerorealestate.com\/es\/wp-json\/wp\/v2\/pages\/95\/revisions"}],"predecessor-version":[{"id":2308,"href":"https:\/\/lucerorealestate.com\/es\/wp-json\/wp\/v2\/pages\/95\/revisions\/2308"}],"up":[{"embeddable":true,"href":"https:\/\/lucerorealestate.com\/es\/wp-json\/wp\/v2\/pages\/13"}],"wp:attachment":[{"href":"https:\/\/lucerorealestate.com\/es\/wp-json\/wp\/v2\/media?parent=95"}],"curies":[{"name":"wp","href":"https:\/\/api.w.org\/{rel}","templated":true}]}}