{"id":93,"date":"2015-04-27T22:36:56","date_gmt":"2015-04-28T04:36:56","guid":{"rendered":"http:\/\/lucerorealestate.com\/?page_id=93"},"modified":"2016-02-16T14:26:34","modified_gmt":"2016-02-16T21:26:34","slug":"market-trends","status":"publish","type":"page","link":"https:\/\/lucerorealestate.com\/es\/sellers\/market-trends\/","title":{"rendered":"Las Tendencias del Mercado"},"content":{"rendered":"<p>\u00bfTiene curiosidad sobre el estado actual del mercado de bienes ra\u00edces de Denver? Podemos proporcionarle las estad\u00edsticas de ventas m\u00e1s recientes del d\u00eda que le dar\u00e1n una idea de la actividad actual. Por favor, tenga en cuenta que estos datos son s\u00f3lo una vista estad\u00edstica del mercado de bienes ra\u00edces de la ciudad de Denver durante el \u00faltimo trimestre.<\/p>\n<p>Si desea datos de ventas de \u00e1reas espec\u00edficas en Denver, podemos ofrecerle un informe m\u00e1s detallado sobre \u00e1reas espec\u00edficas, o <a href=\"\/es\/sellers\/home-value-calculator\/\">un informe gratuito, sin obligaci\u00f3n, del valor de su propiedad<\/a>.<\/p>\n<p><img loading=\"lazy\" decoding=\"async\" class=\"aligncenter size-full wp-image-445\" src=\"http:\/\/lucerorealestate.com\/wp-content\/uploads\/2015\/04\/MT-2Q2015.jpg\" alt=\"MT-2Q2015\" width=\"960\" height=\"720\" \/><\/p>\n","protected":false},"excerpt":{"rendered":"<p>\u00bfTiene curiosidad sobre el estado actual del mercado de bienes ra\u00edces de Denver? Podemos proporcionarle las estad\u00edsticas de ventas m\u00e1s recientes del d\u00eda que le dar\u00e1n una idea de la &#8230; <a href=\"https:\/\/lucerorealestate.com\/es\/sellers\/market-trends\/\" class=\"more-link\">Read More<\/a><\/p>\n","protected":false},"author":4,"featured_media":0,"parent":11,"menu_order":0,"comment_status":"closed","ping_status":"closed","template":"","meta":{"footnotes":""},"class_list":["post-93","page","type-page","status-publish","hentry","no-post-thumbnail"],"translation":{"provider":"WPGlobus","version":"3.0.2","language":"es","enabled_languages":["en","es"],"languages":{"en":{"title":true,"content":true,"excerpt":false},"es":{"title":true,"content":true,"excerpt":false}}},"_links":{"self":[{"href":"https:\/\/lucerorealestate.com\/es\/wp-json\/wp\/v2\/pages\/93","targetHints":{"allow":["GET"]}}],"collection":[{"href":"https:\/\/lucerorealestate.com\/es\/wp-json\/wp\/v2\/pages"}],"about":[{"href":"https:\/\/lucerorealestate.com\/es\/wp-json\/wp\/v2\/types\/page"}],"author":[{"embeddable":true,"href":"https:\/\/lucerorealestate.com\/es\/wp-json\/wp\/v2\/users\/4"}],"replies":[{"embeddable":true,"href":"https:\/\/lucerorealestate.com\/es\/wp-json\/wp\/v2\/comments?post=93"}],"version-history":[{"count":5,"href":"https:\/\/lucerorealestate.com\/es\/wp-json\/wp\/v2\/pages\/93\/revisions"}],"predecessor-version":[{"id":2104,"href":"https:\/\/lucerorealestate.com\/es\/wp-json\/wp\/v2\/pages\/93\/revisions\/2104"}],"up":[{"embeddable":true,"href":"https:\/\/lucerorealestate.com\/es\/wp-json\/wp\/v2\/pages\/11"}],"wp:attachment":[{"href":"https:\/\/lucerorealestate.com\/es\/wp-json\/wp\/v2\/media?parent=93"}],"curies":[{"name":"wp","href":"https:\/\/api.w.org\/{rel}","templated":true}]}}