{"id":89,"date":"2015-04-27T22:36:13","date_gmt":"2015-04-28T04:36:13","guid":{"rendered":"http:\/\/lucerorealestate.com\/?page_id=89"},"modified":"2022-11-11T16:19:48","modified_gmt":"2022-11-11T23:19:48","slug":"home-value-calculator","status":"publish","type":"page","link":"https:\/\/lucerorealestate.com\/es\/sellers\/home-value-calculator\/","title":{"rendered":"Inicio Calculadora del Valor"},"content":{"rendered":"<p>\u00bfTienes curiosidad de saber el valor de su casa? Nuestros corredores de gran experiencia pueden preparar un an\u00e1lisis de mercado de su propiedad, como un servicio especial para usted. Despu\u00e9s de recorrer la casa, uno de nuestros agentes le enviar\u00e1 un presupuesto detallado del valor aproximado de su casa en el mercado actual. Si bien existen herramientas automatizadas disponibles, no se puede sustituir el conocimiento de una persona real familiarizada con su vecindario para estimar el valor de su propiedad.<\/p>\n<p>Por favor, complete la informaci\u00f3n requerida a continuaci\u00f3n para que le brindemos el mejor an\u00e1lisis de mercado de su propiedad. No hay ninguna obligaci\u00f3n en absoluto. Realizaremos nuestro an\u00e1lisis y nos pondremos en contacto con usted de inmediato para programar una visita a su propiedad.<\/p>\n<div id=\"MBBv3_LcForm\"><\/div>\n","protected":false},"excerpt":{"rendered":"<p>\u00bfTienes curiosidad de saber el valor de su casa? Nuestros corredores de gran experiencia pueden preparar un an\u00e1lisis de mercado de su propiedad, como un servicio especial para usted. Despu\u00e9s &#8230; <a href=\"https:\/\/lucerorealestate.com\/es\/sellers\/home-value-calculator\/\" class=\"more-link\">Read More<\/a><\/p>\n","protected":false},"author":4,"featured_media":0,"parent":11,"menu_order":0,"comment_status":"closed","ping_status":"closed","template":"","meta":{"footnotes":""},"class_list":["post-89","page","type-page","status-publish","hentry","no-post-thumbnail"],"translation":{"provider":"WPGlobus","version":"3.0.2","language":"es","enabled_languages":["en","es"],"languages":{"en":{"title":true,"content":true,"excerpt":false},"es":{"title":true,"content":true,"excerpt":false}}},"_links":{"self":[{"href":"https:\/\/lucerorealestate.com\/es\/wp-json\/wp\/v2\/pages\/89","targetHints":{"allow":["GET"]}}],"collection":[{"href":"https:\/\/lucerorealestate.com\/es\/wp-json\/wp\/v2\/pages"}],"about":[{"href":"https:\/\/lucerorealestate.com\/es\/wp-json\/wp\/v2\/types\/page"}],"author":[{"embeddable":true,"href":"https:\/\/lucerorealestate.com\/es\/wp-json\/wp\/v2\/users\/4"}],"replies":[{"embeddable":true,"href":"https:\/\/lucerorealestate.com\/es\/wp-json\/wp\/v2\/comments?post=89"}],"version-history":[{"count":6,"href":"https:\/\/lucerorealestate.com\/es\/wp-json\/wp\/v2\/pages\/89\/revisions"}],"predecessor-version":[{"id":2305,"href":"https:\/\/lucerorealestate.com\/es\/wp-json\/wp\/v2\/pages\/89\/revisions\/2305"}],"up":[{"embeddable":true,"href":"https:\/\/lucerorealestate.com\/es\/wp-json\/wp\/v2\/pages\/11"}],"wp:attachment":[{"href":"https:\/\/lucerorealestate.com\/es\/wp-json\/wp\/v2\/media?parent=89"}],"curies":[{"name":"wp","href":"https:\/\/api.w.org\/{rel}","templated":true}]}}