{"id":83,"date":"2015-04-27T22:35:06","date_gmt":"2015-04-28T04:35:06","guid":{"rendered":"http:\/\/lucerorealestate.com\/?page_id=83"},"modified":"2016-08-31T23:26:18","modified_gmt":"2016-09-01T05:26:18","slug":"homebuyer-tips","status":"publish","type":"page","link":"https:\/\/lucerorealestate.com\/es\/buyers\/homebuyer-tips\/","title":{"rendered":"Consejos para compradores de vivienda"},"content":{"rendered":"<h2>Consejos para compradores de viviendas &#8211; Comprar su pr\u00f3xima casa puede ser muy f\u00e1cil.<\/h2>\n<p>\u00bfAs\u00ed que usted est\u00e1 listo para comprar una casa? \u00a1Felicidades! Ya sea que esta es su primera casa o es otra m\u00e1s en una serie de compras de vivienda, adquirir una casa es siempre un proceso emocionante. Lucero Real Estate est\u00e1 aqu\u00ed para guiarlo a trav\u00e9s del proceso y ayudarle a encontrar la casa perfecta al mejor precio. Vamos a empezar con algunos consejos.<\/p>\n<h3>Paso 1: Haga una lista de lo que usted est\u00e1 buscando en su pr\u00f3xima casa.<\/h3>\n<p>Algunos puntos a considerar:<\/p>\n<p><strong>Ubicaci\u00f3n.<\/strong> \u00bfEn qu\u00e9 parte de la ciudad quiere estar? \u00bfDe qu\u00e9 manera la nueva ubicaci\u00f3n del hogar afectar\u00e1 su viaje diario al trabajo? \u00bfQuiere estar cerca de transporte p\u00fablico, tiendas, vida nocturna y otras atracciones? \u00bfEst\u00e1 buscando una \u00e1rea como para familias y con buenas escuelas? Para m\u00e1s informaci\u00f3n sobre las diferentes \u00e1reas de Denver, visite nuestra <a href=\"http:\/\/lucerorealestate.com\/es\/neighborhoods\/\">gu\u00eda de \u00e1reas residenciales.<\/a><\/p>\n<p><strong>Tama\u00f1o.<\/strong> \u00bfCu\u00e1ntas habitaciones necesita? \u00bfCu\u00e1ntos ba\u00f1os? \u00bfEst\u00e1 buscando una casa grande para una familia en crecimiento o un lugar acogedor solo para usted?<\/p>\n<p><strong>Distribuci\u00f3n y dise\u00f1o.<\/strong> \u00bfQuiere un concepto abierto que es ideal para recibir visitas y hacer fiestas, o un espacio m\u00e1s segmentado con habitaciones m\u00e1s privadas? \u00bfQu\u00e9 piensa sobre el dise\u00f1o general? \u00bfLe gustan las casas de un solo piso (ranch style), las casas tradicionales de dos pisos (two-story), las casas de varios niveles (split-level), las casas peque\u00f1as (townhouses) unidas unas a otras o conceptos modernos?<\/p>\n<p><strong>Lote.<\/strong> \u00bfNecesita un amplio jard\u00edn trasero para los ni\u00f1os y el perro de la familia? \u00bfPrefiere un jard\u00edn m\u00e1s peque\u00f1o que requiera poco mantenimiento? \u00bfEst\u00e1 buscando un lugar privado fuera de la vista de los vecinos o una propiedad en una comunidad m\u00e1s unida?<\/p>\n<p><strong>\u00bfCon \u00e1reas para arreglar o lista para moverse?<\/strong>\u00a0\u00bfLe gusta el reto de renovar una propiedad a sus necesidades exactas, o est\u00e1 buscando la simplificaci\u00f3n de una casa que ya est\u00e1 lista? \u00bfTal vez en alg\u00fan punto intermedio?<\/p>\n<p><strong>\u00bfCon comodidades modernas o con personalidad por su antig\u00fcedad?<\/strong> \u00bfPrefiere un hogar nuevo con todas los \u00faltimos atractivos, o una propiedad antigua con el encanto de una \u00e9poca pasada? Las casas nuevas por lo general vienen con habitaciones y closets grandes; y se construyen para estilos de vida familiares actuales -con caracter\u00edsticas de habitaciones abiertas y con la cocina conectada a espacios familiares. Sin embargo, muchas casas antiguas est\u00e1n construidas en lotes de mayor dimensi\u00f3n, al igual que con jardines m\u00e1s extensos. Y los impuestos podr\u00edan ser m\u00e1s bajos en algunas casas antiguas.<\/p>\n<h3>Paso 2: Determine su presupuesto.<\/h3>\n<p>En primer lugar, determine cu\u00e1nto puede pagar usted. Enseguida, decida qu\u00e9 tipo de casa desea comprar. Usted no querr\u00e1 comprar una propiedad por encima del rango de su presupuesto. Tal vez usted planea hacer algunas renovaciones costosas, o tiene algunos otros gastos mensuales por venir. Incluya estos factores en sus c\u00e1lculos, y luego comun\u00edquele a su agente de bienes ra\u00edces el rango de precio que busca. Para ayudarle a determinar el monto de su pago mensual y el monto de la hipoteca, utilice nuestra calculadora de hipotecas.<\/p>\n<h3>Paso 3: P\u00f3ngase en contacto con un agente de Lucero Real Estate.<\/h3>\n<p>Nuestros amables agentes de bienes ra\u00edces son expertos en el mercado de bienes ra\u00edces de Denver; y son muy conocedores de las diferentes \u00e1reas residenciales, los distritos escolares y las tendencias de vivienda. En su consulta inicial, revisaremos los detalles de la casa que usted desea y formularemos un plan para encontrar su hogar ideal. \u00a1<a href=\"http:\/\/lucerorealestate.com\/es\/contact-us\/\">Cont\u00e1ctenos<\/a> hoy mismo para comenzar el proceso!<\/p>\n","protected":false},"excerpt":{"rendered":"<p>Consejos para compradores de viviendas &#8211; Comprar su pr\u00f3xima casa puede ser muy f\u00e1cil. \u00bfAs\u00ed que usted est\u00e1 listo para comprar una casa? \u00a1Felicidades! Ya sea que esta es su &#8230; <a href=\"https:\/\/lucerorealestate.com\/es\/buyers\/homebuyer-tips\/\" class=\"more-link\">Read More<\/a><\/p>\n","protected":false},"author":4,"featured_media":0,"parent":9,"menu_order":0,"comment_status":"closed","ping_status":"closed","template":"","meta":{"footnotes":""},"class_list":["post-83","page","type-page","status-publish","hentry","no-post-thumbnail"],"translation":{"provider":"WPGlobus","version":"3.0.2","language":"es","enabled_languages":["en","es"],"languages":{"en":{"title":true,"content":true,"excerpt":false},"es":{"title":true,"content":true,"excerpt":false}}},"_links":{"self":[{"href":"https:\/\/lucerorealestate.com\/es\/wp-json\/wp\/v2\/pages\/83","targetHints":{"allow":["GET"]}}],"collection":[{"href":"https:\/\/lucerorealestate.com\/es\/wp-json\/wp\/v2\/pages"}],"about":[{"href":"https:\/\/lucerorealestate.com\/es\/wp-json\/wp\/v2\/types\/page"}],"author":[{"embeddable":true,"href":"https:\/\/lucerorealestate.com\/es\/wp-json\/wp\/v2\/users\/4"}],"replies":[{"embeddable":true,"href":"https:\/\/lucerorealestate.com\/es\/wp-json\/wp\/v2\/comments?post=83"}],"version-history":[{"count":5,"href":"https:\/\/lucerorealestate.com\/es\/wp-json\/wp\/v2\/pages\/83\/revisions"}],"predecessor-version":[{"id":2142,"href":"https:\/\/lucerorealestate.com\/es\/wp-json\/wp\/v2\/pages\/83\/revisions\/2142"}],"up":[{"embeddable":true,"href":"https:\/\/lucerorealestate.com\/es\/wp-json\/wp\/v2\/pages\/9"}],"wp:attachment":[{"href":"https:\/\/lucerorealestate.com\/es\/wp-json\/wp\/v2\/media?parent=83"}],"curies":[{"name":"wp","href":"https:\/\/api.w.org\/{rel}","templated":true}]}}