{"id":548,"date":"2015-12-03T10:19:39","date_gmt":"2015-12-03T17:19:39","guid":{"rendered":"http:\/\/lucerorealestate.com\/?page_id=548"},"modified":"2022-11-11T16:00:37","modified_gmt":"2022-11-11T23:00:37","slug":"lucero-tax-accounting","status":"publish","type":"page","link":"https:\/\/lucerorealestate.com\/es\/resources\/lucero-tax-accounting\/","title":{"rendered":"Lucero Tax and Accounting"},"content":{"rendered":"<p>Lucero Tax and Accounting (Impuestos y Contabilidad Lucero), es la primera compa\u00f1\u00eda del Grupo Financiero Lucero, que fue establecida en 1976 en el s\u00f3tano de la casa de los padres de Gene Lucero. \u00a0Ha crecido de tal manera que ahora tiene m\u00e1s de 1000 clientes, a quienes les presta servicios de preparaci\u00f3n de declaraciones de impuestos (tax preparation), tenedur\u00eda de libros (bookkeeping), impuestos a las ventas (sales taxes) e impuestos sobre salarios (payroll taxes), ya sea a personas individuales o a peque\u00f1as empresas. Su equipo de trabajo de tres contadores y una asistente con amplia experiencia suma en conjunto casi 100 a\u00f1os de experiencia. Uno de sus asociados es un contador p\u00fablico licenciado. Todos los asociados tienen amplia experiencia en QuickBooks para propietarios de peque\u00f1as empresas, ya sea que necesiten una versi\u00f3n en su computadora o una versi\u00f3n en l\u00ednea.<\/p>\n<p>Los clientes que utilizan los servicios de declaraci\u00f3n de impuestos saben que pueden adem\u00e1s recibir otros servicios financieros que provee el Grupo Financiero Lucero, incluyendo todo lo relacionado con bienes ra\u00edces personales, bienes ra\u00edces comerciales o bienes ra\u00edces como inversi\u00f3n. \u00a0Lucero Tax and Accounting tiene amplio conocimiento sobre los detalles intricados de los cambios 1031 del aplasamiento del pago de impuestos (1031 tax deferred exchanges) y puede proveerles una detallada planificaci\u00f3n de declaraci\u00f3n de impuestos.<\/p>\n<p>&nbsp;<\/p>\n","protected":false},"excerpt":{"rendered":"<p>Lucero Tax and Accounting (Impuestos y Contabilidad Lucero), es la primera compa\u00f1\u00eda del Grupo Financiero Lucero, que fue establecida en 1976 en el s\u00f3tano de la casa de los padres &#8230; <a href=\"https:\/\/lucerorealestate.com\/es\/resources\/lucero-tax-accounting\/\" class=\"more-link\">Read More<\/a><\/p>\n","protected":false},"author":9,"featured_media":0,"parent":13,"menu_order":0,"comment_status":"closed","ping_status":"closed","template":"","meta":{"footnotes":""},"class_list":["post-548","page","type-page","status-publish","hentry","no-post-thumbnail"],"translation":{"provider":"WPGlobus","version":"3.0.2","language":"es","enabled_languages":["en","es"],"languages":{"en":{"title":true,"content":true,"excerpt":false},"es":{"title":false,"content":true,"excerpt":false}}},"_links":{"self":[{"href":"https:\/\/lucerorealestate.com\/es\/wp-json\/wp\/v2\/pages\/548","targetHints":{"allow":["GET"]}}],"collection":[{"href":"https:\/\/lucerorealestate.com\/es\/wp-json\/wp\/v2\/pages"}],"about":[{"href":"https:\/\/lucerorealestate.com\/es\/wp-json\/wp\/v2\/types\/page"}],"author":[{"embeddable":true,"href":"https:\/\/lucerorealestate.com\/es\/wp-json\/wp\/v2\/users\/9"}],"replies":[{"embeddable":true,"href":"https:\/\/lucerorealestate.com\/es\/wp-json\/wp\/v2\/comments?post=548"}],"version-history":[{"count":6,"href":"https:\/\/lucerorealestate.com\/es\/wp-json\/wp\/v2\/pages\/548\/revisions"}],"predecessor-version":[{"id":2297,"href":"https:\/\/lucerorealestate.com\/es\/wp-json\/wp\/v2\/pages\/548\/revisions\/2297"}],"up":[{"embeddable":true,"href":"https:\/\/lucerorealestate.com\/es\/wp-json\/wp\/v2\/pages\/13"}],"wp:attachment":[{"href":"https:\/\/lucerorealestate.com\/es\/wp-json\/wp\/v2\/media?parent=548"}],"curies":[{"name":"wp","href":"https:\/\/api.w.org\/{rel}","templated":true}]}}