{"id":105,"date":"2015-04-27T22:38:57","date_gmt":"2015-04-28T04:38:57","guid":{"rendered":"http:\/\/lucerorealestate.com\/?page_id=105"},"modified":"2016-02-16T13:57:52","modified_gmt":"2016-02-16T20:57:52","slug":"american-dream-real-estate-school","status":"publish","type":"page","link":"https:\/\/lucerorealestate.com\/es\/about-us\/american-dream-real-estate-school\/","title":{"rendered":"American Dream Real Estate School"},"content":{"rendered":"<p><img loading=\"lazy\" decoding=\"async\" class=\"aligncenter size-large wp-image-464\" src=\"http:\/\/lucerorealestate.com\/wp-content\/uploads\/2015\/04\/adreschool2-1024x131.jpg\" alt=\"adreschool2\" width=\"846\" height=\"108\" \/><\/p>\n<p>Lucero Real Estate es un socio afiliado de American Dream Real Estate School y tambi\u00e9n socio de Mile High Real Estate School.<\/p>\n<p>Ya sea que usted est\u00e9 comenzando una nueva carrera y necesita una licencia o est\u00e9 en busca de excelencia profesional a trav\u00e9s de la educaci\u00f3n continua, Lucero Real Estate, en asociaci\u00f3n con American Dream Real Estate School ofrece programas y cursos individuales para prepararlo mejor a usted a afrontar los retos de la industria que ha elegido y de sus clientes de toda la vida. Al unirse al Equipo de Bienes Ra\u00edces Lucero usted tiene en sus manos las mejores oportunidades para mantener su educaci\u00f3n y poder hacerle frente a los cambiantes retos del sector inmobiliario, con los cursos que le proporcionamos tanto presenciales como en l\u00ednea, que son fiables, precisos y f\u00e1ciles de usar, que ayudan a las personas a desarrollar las habilidades y conocimientos necesarios para ser empresarios de \u00e9xito.<\/p>\n<p>\u00a1Esperamos poder servirle a usted y a su familia ahora y en los a\u00f1os por venir! \u00a1\u00danase a los mejores profesionales de Lucero y vea la diferencia!<\/p>\n<p>&nbsp;<\/p>\n<p>&nbsp;<\/p>\n","protected":false},"excerpt":{"rendered":"<p>Lucero Real Estate es un socio afiliado de American Dream Real Estate School y tambi\u00e9n socio de Mile High Real Estate School. Ya sea que usted est\u00e9 comenzando una nueva &#8230; <a href=\"https:\/\/lucerorealestate.com\/es\/about-us\/american-dream-real-estate-school\/\" class=\"more-link\">Read More<\/a><\/p>\n","protected":false},"author":4,"featured_media":0,"parent":15,"menu_order":0,"comment_status":"closed","ping_status":"closed","template":"","meta":{"footnotes":""},"class_list":["post-105","page","type-page","status-publish","hentry","no-post-thumbnail"],"translation":{"provider":"WPGlobus","version":"3.0.2","language":"es","enabled_languages":["en","es"],"languages":{"en":{"title":true,"content":true,"excerpt":false},"es":{"title":true,"content":true,"excerpt":false}}},"_links":{"self":[{"href":"https:\/\/lucerorealestate.com\/es\/wp-json\/wp\/v2\/pages\/105","targetHints":{"allow":["GET"]}}],"collection":[{"href":"https:\/\/lucerorealestate.com\/es\/wp-json\/wp\/v2\/pages"}],"about":[{"href":"https:\/\/lucerorealestate.com\/es\/wp-json\/wp\/v2\/types\/page"}],"author":[{"embeddable":true,"href":"https:\/\/lucerorealestate.com\/es\/wp-json\/wp\/v2\/users\/4"}],"replies":[{"embeddable":true,"href":"https:\/\/lucerorealestate.com\/es\/wp-json\/wp\/v2\/comments?post=105"}],"version-history":[{"count":5,"href":"https:\/\/lucerorealestate.com\/es\/wp-json\/wp\/v2\/pages\/105\/revisions"}],"predecessor-version":[{"id":2197,"href":"https:\/\/lucerorealestate.com\/es\/wp-json\/wp\/v2\/pages\/105\/revisions\/2197"}],"up":[{"embeddable":true,"href":"https:\/\/lucerorealestate.com\/es\/wp-json\/wp\/v2\/pages\/15"}],"wp:attachment":[{"href":"https:\/\/lucerorealestate.com\/es\/wp-json\/wp\/v2\/media?parent=105"}],"curies":[{"name":"wp","href":"https:\/\/api.w.org\/{rel}","templated":true}]}}