{"id":101,"date":"2015-04-27T22:38:13","date_gmt":"2015-04-28T04:38:13","guid":{"rendered":"http:\/\/lucerorealestate.com\/?page_id=101"},"modified":"2018-06-14T17:57:26","modified_gmt":"2018-06-14T23:57:26","slug":"management-team","status":"publish","type":"page","link":"https:\/\/lucerorealestate.com\/es\/about-us\/management-team\/","title":{"rendered":"Equipo Directivo"},"content":{"rendered":"<p>El equipo directivo de Lucero Real Estate, Inc. incluyen a Eugene Lucero, Fundador y a Marti Furay, Gerente de Corredores Residenciales.<\/p>\n<h3>Eugene R. Lucero<\/h3>\n<p><img loading=\"lazy\" decoding=\"async\" class=\"size-medium wp-image-533 alignright\" src=\"http:\/\/lucerorealestate.com\/wp-content\/uploads\/2015\/04\/LuceroRealEstate_-92-236x300.jpg\" alt=\"CreativeTouchPhotography\" width=\"236\" height=\"300\" srcset=\"https:\/\/lucerorealestate.com\/wp-content\/uploads\/2015\/04\/LuceroRealEstate_-92-236x300.jpg 236w, https:\/\/lucerorealestate.com\/wp-content\/uploads\/2015\/04\/LuceroRealEstate_-92-805x1024.jpg 805w, https:\/\/lucerorealestate.com\/wp-content\/uploads\/2015\/04\/LuceroRealEstate_-92-100x127.jpg 100w, https:\/\/lucerorealestate.com\/wp-content\/uploads\/2015\/04\/LuceroRealEstate_-92-846x1077.jpg 846w, https:\/\/lucerorealestate.com\/wp-content\/uploads\/2015\/04\/LuceroRealEstate_-92-1184x1507.jpg 1184w\" sizes=\"auto, (max-width: 236px) 100vw, 236px\" \/>Eugene R. Lucero (Gene Lucero) es el Director General y Principal Propietario del Grupo Financiero Lucero que incluye Lucero Real Estate, Inc., Colorado Tierra Mortgage, Inc. y Lucero Tax and Accounting, ubicados en Denver, Colorado. El Grupo Financiero Lucero recibi\u00f3 el reconocimiento de Peque\u00f1a Empresa del A\u00f1o, de parte de la C\u00e1mara Hispana de Comercio de Denver Metropolitana, en 2015.<\/p>\n<p>Gene aporta una extraordinaria experiencia al liderazgo del Grupo Financiero Lucero ya que es corredor (broker) licenciado de bienes ra\u00edces con m\u00e1s de 30 a\u00f1os de experiencia, agente gestor licenciado de pr\u00e9stamos hipotecarios (loan originator) por m\u00e1s de 15 a\u00f1os y contador p\u00fablico y de impuestos a la renta por m\u00e1s de 35 a\u00f1os. \u00a0Asimismo, ha terminado estudios para conseguir la licencia de seguros y valores, al igual que la de desarrollo de bienes ra\u00edces.<\/p>\n<p>Sonrisa Holding LLC, es la divisi\u00f3n afiliada de desarrollo de bienes ra\u00edces del Grupo Financiero Lucero, teniendo las propiedades ubicadas en 3930 W. 38th Avenue, 3301 W 38th Avenue, 3550 W 38th Avenue y 2405 W. 56th Avenue como proyectos actuales para diversos usos, entre ellos el mejoramiento y desarrollo residencial.<\/p>\n<p>Sandos Financial y la reciente empresa Lucero Development Services (Servicios de Desarrollo de Bienes Ra\u00edces Lucero) tambi\u00e9n son miembros del Grupo Financiero Lucero, que proveen servicios de consultar\u00eda sobre pensiones y de otros servicios de inversiones, al igual que servicios de desarrollo de bienes ra\u00edces y de consultor\u00eda de la correspondiente relaci\u00f3n gubernamental.<\/p>\n<p>Lucero Real Estate ha prestado servicios al mercado metropolitano de Denver por 30 a\u00f1os y ha ganado numerosos premios a la producci\u00f3n de ventas, reconocidos por el Consejo de Agentes de Bienes Ra\u00edces (REALTORS) de Denver.<\/p>\n<p>Colorado Tierra Mortgage provee una amplia gama de productos hipotecarios disponibles incluyendo los comerciales. Una de sus especialidades es la asistencia para los pagos iniciales de los compradores que lo hacen por primera vez. Mantiene relaciones comerciales con m\u00e1s de 10 compa\u00f1\u00edas hipotecarias al mayoreo para poder proveer el mejor acceso y opciones de hipotecas que sean ideales para las necesidades de los clientes.<\/p>\n<p>Gene es el presidente fundador de la Asociaci\u00f3n de Profesionales Hispanos de Bienes Ra\u00edces de Colorado y ha prestado servicios como Presidente durante 3 a\u00f1os y medio. \u00c9l es ahora un miembro honorario de la Junta Directiva. Gene ha desempe\u00f1ado el cargo de Secretario de la Asociaci\u00f3n Nacional de Profesionales Inmobiliarios Hispanos (NAHREP) y el cargo de Presidente de la Convenci\u00f3n Nacional de Mercadotecnia de NAHREP 2004 y de la Expo realizadas en Denver en octubre de 2004. Se le reconoce como un Aguila de NAHREP, s\u00edmbolo de ser uno de los 18 principales empresarios de bienes ra\u00edces hispanos que sirven al mercado hispano.<\/p>\n<p>Adem\u00e1s, a nivel nacional, Gene ha sido miembro de comit\u00e9s y consejos consultivos de Fannie Mae, Freddie Mac y NAR.<\/p>\n<p>El Consejo de Agentes de Bienes Ra\u00edces (REALTORS) de Denver lo honr\u00f3 como el Agente Inmobiliario del A\u00f1o 2004. Ha prestado servicios en las mesas directivas de la Asociaci\u00f3n de Vivienda Accesible de Colorado, de la Oficina de Desarrollo Laboral del Alcalde de la Ciudad de Denver, de Metro Brokers, Inc., de Steward Title, del Panel de Vivienda de Blue Ribbon, adem\u00e1s de servir durante dos t\u00e9rminos en el Consejo de Vivienda del Estado durante ocho a\u00f1os, al ser asignado por los gobernadores Bill Ritter y John Kickenlooper.<\/p>\n<p>Gene ha sido galardonado 17 veces \u00a0con el premio Million Dollar Round Table de la Junta de Agentes de Bienes Ra\u00edces de Denver, al igual que prestaba servicios en diversas funciones en la Asociaci\u00f3n de Exalumnos de la Universidad de Colorado y tambi\u00e9n recibi\u00f3 de la misma, el prestigioso premio George Norlin en el a\u00f1o 2012.<\/p>\n<p>Es reconocido como un l\u00edder que defiende la igualdad de oportunidades, la diversidad, y la vivienda asequible, habiendo recibido numerosos premios de diversas organizaciones en todo el \u00e1rea metropolitana de Denver.<\/p>\n<h3>Marti Furay<\/h3>\n<p><img loading=\"lazy\" decoding=\"async\" class=\"alignright wp-image-474\" src=\"http:\/\/lucerorealestate.com\/wp-content\/uploads\/2015\/08\/marti-furay.jpg\" alt=\"marti-furay\" width=\"320\" height=\"320\" \/>Marti Furay es una corredora (broker) profesional de muchos a\u00f1os en la industria, con amplia experiencia en bienes ra\u00edces, quien supervisa al equipo de corredores residenciales no s\u00f3lo con asesoramiento y gesti\u00f3n, sino tambi\u00e9n proporcion\u00e1ndoles un entorno de apoyo profesional para convertirse en corredores expertos.<\/p>\n<p>Marti constantemente est\u00e1 buscando nuevas oportunidades educativas para el equipo de corredores residenciales para expandir continuamente sus conocimientos y aumentar sus habilidades, con el fin de ofrecer la mejor calidad a los clientes. Marti est\u00e1 igualmente comprometida con el mantenimiento de la integridad aut\u00e9ntica de Lucero Real Estate, Inc., y afirma: &#8220;Buscamos agentes de bienes ra\u00edces que est\u00e1n verdaderamente interesados en la comunidad y que se comprometen a mantener la excelencia profesional y \u00e9tica&#8221;.<\/p>\n","protected":false},"excerpt":{"rendered":"<p>El equipo directivo de Lucero Real Estate, Inc. incluyen a Eugene Lucero, Fundador y a Marti Furay, Gerente de Corredores Residenciales. Eugene R. Lucero Eugene R. Lucero (Gene Lucero) es &#8230; <a href=\"https:\/\/lucerorealestate.com\/es\/about-us\/management-team\/\" class=\"more-link\">Read More<\/a><\/p>\n","protected":false},"author":4,"featured_media":0,"parent":15,"menu_order":0,"comment_status":"closed","ping_status":"closed","template":"","meta":{"footnotes":""},"class_list":["post-101","page","type-page","status-publish","hentry","no-post-thumbnail"],"translation":{"provider":"WPGlobus","version":"3.0.2","language":"es","enabled_languages":["en","es"],"languages":{"en":{"title":true,"content":true,"excerpt":false},"es":{"title":true,"content":true,"excerpt":false}}},"_links":{"self":[{"href":"https:\/\/lucerorealestate.com\/es\/wp-json\/wp\/v2\/pages\/101","targetHints":{"allow":["GET"]}}],"collection":[{"href":"https:\/\/lucerorealestate.com\/es\/wp-json\/wp\/v2\/pages"}],"about":[{"href":"https:\/\/lucerorealestate.com\/es\/wp-json\/wp\/v2\/types\/page"}],"author":[{"embeddable":true,"href":"https:\/\/lucerorealestate.com\/es\/wp-json\/wp\/v2\/users\/4"}],"replies":[{"embeddable":true,"href":"https:\/\/lucerorealestate.com\/es\/wp-json\/wp\/v2\/comments?post=101"}],"version-history":[{"count":6,"href":"https:\/\/lucerorealestate.com\/es\/wp-json\/wp\/v2\/pages\/101\/revisions"}],"predecessor-version":[{"id":2265,"href":"https:\/\/lucerorealestate.com\/es\/wp-json\/wp\/v2\/pages\/101\/revisions\/2265"}],"up":[{"embeddable":true,"href":"https:\/\/lucerorealestate.com\/es\/wp-json\/wp\/v2\/pages\/15"}],"wp:attachment":[{"href":"https:\/\/lucerorealestate.com\/es\/wp-json\/wp\/v2\/media?parent=101"}],"curies":[{"name":"wp","href":"https:\/\/api.w.org\/{rel}","templated":true}]}}